{"id":6544,"date":"2025-02-06T10:16:52","date_gmt":"2025-02-06T09:16:52","guid":{"rendered":"https:\/\/cmgv.ch\/?page_id=6544"},"modified":"2025-02-20T14:37:47","modified_gmt":"2025-02-20T13:37:47","slug":"medical-training-vevey","status":"publish","type":"page","link":"https:\/\/cmgv.ch\/en\/medical-training-vevey\/","title":{"rendered":"Training"},"content":{"rendered":"<div class=\"wpb-content-wrapper\"><p>[vc_row top_margin=&#8221;page-margin-top-section&#8221;][vc_column width=&#8221;1\/2&#8243; el_class=&#8221;padding-right-30&#8243;][vc_single_image image=&#8221;6569&#8243; img_size=&#8221;400&#215;400&#8243; alignment=&#8221;center&#8221; css=&#8221;&#8221;][\/vc_column][vc_column width=&#8221;1\/2&#8243;]<h2 class=\"box-header margin-bottom-20\">Medical training in Vevey at CMGV<\/h2>[vc_column_text css=&#8221;&#8221;]<\/p>\n<h3><span style=\"font-weight: 400; color: #000;\">The Centre m\u00e9dical Gare de Vevey offers a range of medical training courses within its team, and is committed to training the next generation of healthcare professionals.<\/span><\/h3>\n<p>[\/vc_column_text][vc_column_text css=&#8221;&#8221;]<span style=\"font-weight: 400;\">We offer a structured environment for training:<\/span>[\/vc_column_text]<ul class=\"simple-list clearfix\"><li class=\"template-tick-2 clearfix\">\n\t\t\t<a href=\"#medical-assistant\"><span style=\"font-weight: 400;\">medical assistant apprentice<\/span><\/a><\/li><li class=\"template-tick-2 clearfix\">\n\t\t\t<a href=\"#nursing-student\"><span style=\"font-weight: 400;\">nursing student<\/span><\/a><\/li><li class=\"template-tick-2 clearfix\">\n\t\t\t<a href=\"#physician-assistants\"><span style=\"font-weight: 400;\">physician assistants<\/span><\/a><\/li><\/ul>[vc_column_text css=&#8221;&#8221;]<span style=\"font-weight: 400;\">We ensure the transfer of diverse, high-quality skills.<\/span>[\/vc_column_text][\/vc_column][\/vc_row][vc_row type=&#8221;full-width&#8221; top_margin=&#8221;page-margin-top-section&#8221; css=&#8221;.vc_custom_1739090335548{padding-top: 80px !important;padding-bottom: 80px !important;background-color: #FFFFFF !important;}&#8221; el_id=&#8221;medical-assistant&#8221;][vc_column css=&#8221;.vc_custom_1739085576473{background-position: center !important;background-repeat: no-repeat !important;background-size: cover !important;}&#8221; el_class=&#8221;responsive-paddings&#8221;]<h2 class=\"box-header large no-border\">Medical assistant training in Vevey<\/h2>[vc_column_text css=&#8221;&#8221; el_class=&#8221;large margin-top-10&#8243;]<span style=\"font-weight: 400;\">We simultaneously train three medical assistant apprentices. This approach enables the more experienced apprentices to support and guide the novices. We also welcome apprentices from recognized private schools, such as <a href=\"https:\/\/ecole-medica.ch\/formations\/assistant-medical\/\" target=\"_blank\" rel=\"noopener\">M\u00e9dica<\/a>, <a href=\"https:\/\/www.ecole-minerva.ch\/index.php\/formations\" target=\"_blank\" rel=\"noopener\">Minerva<\/a> and <a href=\"https:\/\/www.epsic.ch\/\" target=\"_blank\" rel=\"noopener\">EPSIC<\/a> , for an enriching integration into our center. Our entire team of medical assistants actively participates in training, under the supervision of experienced company trainers to ensure high-quality instruction.<\/span>[\/vc_column_text]<h3 class=\"box-header margin-top-30 margin-bottom-20 no-border\">Skills and experience acquired during medical assistant training at Centre m\u00e9dical Gare de Vevey<\/h3><ul class=\"simple-list clearfix\"><li class=\"template-tick-2 clearfix\">\n\t\t\t<span><b>Comprehensive, diversified training<\/b><span style=\"font-weight: 400;\">: During their medical training in Vevey, our apprentices gain practical experience in a wide range of fields, thanks to our extensive patient base. They acquire skills in radiology, laboratory, nursing in collaboration with our nursing staff, and administration with our secretariat. As a result, our apprentices are well prepared to deal with both adult and paediatric patients.<\/span><\/span><\/li><li class=\"template-tick-2 clearfix\">\n\t\t\t<span><b>Interdisciplinarity<\/b><span style=\"font-weight: 400;\">: Working at the Centre m\u00e9dical Gare de Vevey means being part of a team of healthcare professionals, including nurses, doctors and medical secretaries, for a training experience rich in interaction and learning.<\/span><\/span><\/li><li class=\"template-tick-2 clearfix\">\n\t\t\t<span><b>Mentoring and mutual support<\/b><span style=\"font-weight: 400;\">: By training several apprentices simultaneously, we encourage mentoring. More experienced apprentices provide direct support to newcomers, reinforcing team spirit and collaborative learning.<\/span><\/span><\/li><li class=\"template-tick-2 clearfix\">\n\t\t\t<span><b>Up-to-date in-house training<\/b><span style=\"font-weight: 400;\">: Our apprentices take part in the same in-house training courses as the rest of the team, ensuring they have up-to-date skills and can adapt quickly to developments in the medical field.<\/span><\/span><\/li><li class=\"template-tick-2 clearfix\">\n\t\t\t<span><b>Assistance with complete patient care<\/b><span style=\"font-weight: 400;\">: Apprentices assist our team in every stage of care, from auscultation to radiology to treatment, offering a complete experience of the care pathway.<\/span><\/span><\/li><\/ul>[vc_column_text css=&#8221;&#8221; el_class=&#8221;large margin-top-10&#8243;]<span style=\"font-weight: 400;\">This medical training program in Vevey provides medical assistant apprentices at the Centre m\u00e9dical Gare de Vevey with valuable and comprehensive experience, preparing them for their future careers in an ever-changing healthcare environment.<\/span>[\/vc_column_text]<h3 class=\"box-header margin-top-30 margin-bottom-20 no-border\">Testimonials on medical assistant training at CMGV in the canton of Vaud<\/h3><ul class=\"simple-list clearfix\"><li class=\"template-tick-2 clearfix\">\n\t\t\t<span><span style=\"font-weight: 400;\">&#8220;The CMGV allowed me to train as a medical assistant in a caring and professional environment. It helped me gain confidence and self-assurance in the healthcare field.&#8221; <\/span><b>Lena<\/b><span style=\"font-weight: 400;\">, currently in training at CMGV.<\/span><\/span><\/li><li class=\"template-tick-2 clearfix\">\n\t\t\t<span><span style=\"font-weight: 400;\">&#8220;In this center, I have the opportunity to collaborate with a multidisciplinary team and discover many more professions than in a solo practice.&#8221; <\/span><b>Lo\u00efse<\/b><span style=\"font-weight: 400;\">,<\/span> <span style=\"font-weight: 400;\">currently training at CMGV.<\/span><\/span><\/li><li class=\"template-tick-2 clearfix\">\n\t\t\t<span><span style=\"font-weight: 400;\">&#8220;Working at the CMGV has allowed me to develop a variety of care skills and to collaborate in a multidisciplinary environment with various professionals&#8221; <\/span><b>Margot<\/b><span style=\"font-weight: 400;\">, who completed her training at the CMGV.<\/span><\/span><\/li><\/ul>[\/vc_column][\/vc_row][vc_row type=&#8221;full-width&#8221; top_margin=&#8221;page-margin-top-section&#8221; css=&#8221;.vc_custom_1740058339013{background-color: #F8F8F8 !important;}&#8221; el_id=&#8221;nursing-student&#8221;][vc_column css=&#8221;.vc_custom_1739085659060{background-position: center !important;background-repeat: no-repeat !important;background-size: cover !important;}&#8221; el_class=&#8221;responsive-paddings&#8221;]<h2 class=\"box-header large no-border\">Compulsory internship for HES nursing students and APS (Ann\u00e9e Prop\u00e9deutique Sant\u00e9) candidates.<\/h2>[vc_column_text css=&#8221;&#8221; el_class=&#8221;large margin-top-10&#8243;]<span style=\"font-weight: 400;\">The Centre m\u00e9dical Gare de Vevey welcomes student nurses for their compulsory practical training. In collaboration with the schools <a href=\"https:\/\/hesav.ch\/formation\/\" target=\"_blank\" rel=\"noopener\">HESAV<\/a> and <a href=\"https:\/\/www.ecolelasource.ch\/les-formations\/\" target=\"_blank\" rel=\"noopener\">La Source<\/a>, our team includes a qualified practitioner trainer (PT), dedicated to supervising and training trainees for an enriching, hands-on nursing experience.<\/span>[\/vc_column_text]<h3 class=\"box-header margin-top-30 margin-bottom-20 no-border\">Skills and experience acquired during the compulsory nursing internship at the Centre m\u00e9dical Gare in Vevey<\/h3>[vc_column_text css=&#8221;&#8221; el_class=&#8221;large margin-top-10&#8243;]<b>Specific nursing services :<\/b>[\/vc_column_text]<ul class=\"simple-list clearfix\"><li class=\"template-tick-2 clearfix\">\n\t\t\t<span><span style=\"font-weight: 400;\">Chronic and acute wound care<\/span><\/span><\/li><li class=\"template-tick-2 clearfix\">\n\t\t\t<span><span style=\"font-weight: 400;\">Plasters<\/span><\/span><\/li><li class=\"template-tick-2 clearfix\">\n\t\t\t<span><span style=\"font-weight: 400;\">Infusions<\/span><\/span><\/li><li class=\"template-tick-2 clearfix\">\n\t\t\t<span><span style=\"font-weight: 400;\">Therapeutic education<\/span><\/span><\/li><li class=\"template-tick-2 clearfix\">\n\t\t\t<span><span style=\"font-weight: 400;\">Multidisciplinary work<\/span><\/span><\/li><\/ul>[vc_column_text css=&#8221;&#8221; el_class=&#8221;large margin-top-10&#8243;]<b>Adult medical duty station :<\/b>[\/vc_column_text]<ul class=\"simple-list clearfix\"><li class=\"template-tick-2 clearfix\">\n\t\t\t<span><span style=\"font-weight: 400;\">Patient assessment with the Swiss Triage Scale (EST)<\/span><\/span><\/li><li class=\"template-tick-2 clearfix\">\n\t\t\t<span><span style=\"font-weight: 400;\">Patient set-up<\/span><\/span><\/li><li class=\"template-tick-2 clearfix\">\n\t\t\t<span><span style=\"font-weight: 400;\">Nursing history and clinical assessment<\/span><\/span><\/li><li class=\"template-tick-2 clearfix\">\n\t\t\t<span><span style=\"font-weight: 400;\">Internal patient flow management and external redirection<\/span><\/span><\/li><li class=\"template-tick-2 clearfix\">\n\t\t\t<span><span style=\"font-weight: 400;\">Collaboration with physicians, medical assistants and medical secretaries<\/span><\/span><\/li><li class=\"template-tick-2 clearfix\">\n\t\t\t<span><span style=\"font-weight: 400;\">Monitoring patient care with participation in care<\/span><\/span><\/li><li class=\"template-tick-2 clearfix\">\n\t\t\t<span><span style=\"font-weight: 400;\">dministration of medicines, vaccines, etc.<\/span><\/span><\/li><\/ul>[vc_column_text css=&#8221;&#8221; el_class=&#8221;large margin-top-10&#8243;]<span style=\"font-weight: 400;\">At CMGV, you&#8217;ll have the opportunity to develop your skills by putting the theory you learn in class into practice in a variety of real-life situations. Working alongside experienced professionals, you&#8217;ll benefit from their expertise and advice to help you progress every day. Here, training goes beyond the conventional: you&#8217;ll be encouraged to think critically, take initiative and push your limits.<\/span><\/p>\n<p><span style=\"font-weight: 400;\">Versatility is essential: with assignments including ambulance transfers and varied medical care, you&#8217;ll be prepared to handle a wide range of situations.<\/span>[\/vc_column_text]<h3 class=\"box-header margin-top-30 margin-bottom-20 no-border\">Testimonial about the compulsory nursing internship at CMGV<\/h3><ul class=\"simple-list clearfix\"><li class=\"template-tick-2 clearfix\">\n\t\t\t<span><span style=\"font-weight: 400;\">&#8220;The team is great! I felt welcomed from day one. I discovered real multidisciplinary teamwork, where everyone helps each other out and collaborates effectively. What I particularly appreciated was the division of tasks between medical assistants, nurses and even secretaries. A real synergy at the service of patients.&#8221; <\/span><b>Josselyn<\/b><span style=\"font-weight: 400;\">,<\/span> <span style=\"font-weight: 400;\">currently in training at CMGV.<\/span><\/span><\/li><\/ul>[\/vc_column][\/vc_row][vc_row type=&#8221;full-width&#8221; top_margin=&#8221;page-margin-top-section&#8221; css=&#8221;.vc_custom_1740058350825{padding-top: 80px !important;padding-bottom: 80px !important;background-color: #ffffff !important;}&#8221; el_id=&#8221;physician-assistants&#8221;][vc_column css=&#8221;.vc_custom_1739085671445{background-position: center !important;background-repeat: no-repeat !important;background-size: cover !important;}&#8221; el_class=&#8221;responsive-paddings&#8221;]<h2 class=\"box-header large no-border\">Training as an assistant physician in general internal medicine (MIG)<\/h2>[vc_column_text css=&#8221;&#8221; el_class=&#8221;large margin-top-10&#8243;]<span style=\"font-weight: 400;\">The Centre m\u00e9dical Gare de Vevey offers up to one year of training in general internal medicine for assistant physicians. We favor a personalized approach, with only one physician assistant at a time, and support that encourages autonomy. You will receive continuous supervision, 7 days a week, and your assistantship will be recognized by the IFSM as training in ambulatory medicine. We also offer part-time options, tailored to the needs of individual practitioners.<\/span><\/p>\n<p><span style=\"font-weight: 400;\">In partnership with <a href=\"https:\/\/www.unisante.ch\/fr\/formation-recherche\/formation\/stage\" target=\"_blank\" rel=\"noopener\">Unisant\u00e9<\/a>, our center welcomes students in their 6\u1d49 year of medicine for one-month observation placements, offering a first immersion in outpatient medical practice.<\/span>[\/vc_column_text]<h3 class=\"box-header large margin-top-30 no-border\">Skills and experience gained during assistant physician training at the Centre m\u00e9dical Gare in Vevey<\/h3>[vc_column_text css=&#8221;&#8221; el_class=&#8221;large margin-top-10&#8243;]<b>Interdisciplinarity<\/b><span style=\"font-weight: 400;\">: You&#8217;ll learn to collaborate with nurses, medical assistants and medical secretaries, for a rewarding teamwork experience<\/span>[\/vc_column_text][vc_column_text css=&#8221;&#8221; el_class=&#8221;large margin-top-10&#8243;]<b>Multidisciplinarity in primary care<\/b><span style=\"font-weight: 400;\">: You will develop expertise in general medicine through practical training in the following areas:<\/span>[\/vc_column_text]<ul class=\"simple-list clearfix\"><li class=\"template-tick-2 clearfix\">\n\t\t\t<span><span style=\"font-weight: 400;\">Medical emergencies: You&#8217;ll learn to interpret X-rays and laboratory results to provide fast and efficient patient care.<\/span><\/span><\/li><li class=\"template-tick-2 clearfix\">\n\t\t\t<span><span style=\"font-weight: 400;\">Traumatology: You&#8217;ll perform fracture reductions, apply cast placement, and carry out other essential trauma care procedures.<\/span><\/span><\/li><li class=\"template-tick-2 clearfix\">\n\t\t\t<span><span style=\"font-weight: 400;\">Minor surgery: You will be trained in suturing, incision and drainage, and abscess treatment to master the basics of minor surgery.<\/span><\/span><\/li><\/ul>[vc_column_text css=&#8221;&#8221; el_class=&#8221;large margin-top-10&#8243;]<span style=\"font-weight: 400;\">During this medical training in Vevey, our flexible approach adapts to your needs, with the possibility of working part-time. Join us for a training course where every day offers an opportunity to learn, progress and actively contribute to quality care.<\/span>[\/vc_column_text]<h3 class=\"box-header margin-top-30 margin-bottom-20 no-border\">Testimonials on training as a physician assistant at CMGV<\/h3><ul class=\"simple-list clearfix\"><li class=\"template-tick-2 clearfix\">\n\t\t\t<span><span style=\"font-weight: 400;\">&#8220;Wonderful experience with the nursing, administrative and medical staff. Everyone is friendly and caring.&#8221; <\/span><b>Judith<\/b><span style=\"font-weight: 400;\">,<\/span> <span style=\"font-weight: 400;\">currently in training at CMGV.<\/span><\/span><\/li><li class=\"template-tick-2 clearfix\">\n\t\t\t<span><span style=\"font-weight: 400;\">&#8220;These six months of training to become a general practitioner have helped me refine my interest in primary care medicine and interdisciplinary collaboration. Between the hospital and the practice, the duty station at the Centre m\u00e9dical Gare de Vevey offered me a rich and varied working and training environment, encouraging autonomy in my work while ensuring personalized support and follow-up.&#8221; <\/span><b>Alice<\/b><span style=\"font-weight: 400;\">, who completed her training at CMGV.<\/span><\/span><\/li><\/ul>[\/vc_column][\/vc_row]<\/p>\n<\/div>","protected":false},"excerpt":{"rendered":"<p>[vc_row top_margin=&#8221;page-margin-top-section&#8221;][vc_column width=&#8221;1\/2&#8243; el_class=&#8221;padding-right-30&#8243;][vc_single_image image=&#8221;6569&#8243; img_size=&#8221;400&#215;400&#8243; alignment=&#8221;center&#8221; css=&#8221;&#8221;][\/vc_column][vc_column width=&#8221;1\/2&#8243;][vc_column_text css=&#8221;&#8221;] The Centre m\u00e9dical Gare de Vevey offers a range of medical training courses within its team, and is committed to training the next generation of healthcare professionals. [\/vc_column_text][vc_column_text css=&#8221;&#8221;]We offer a structured environment for training:[\/vc_column_text][vc_column_text css=&#8221;&#8221;]We ensure the transfer of diverse, high-quality skills.[\/vc_column_text][\/vc_column][\/vc_row][vc_row type=&#8221;full-width&#8221; top_margin=&#8221;page-margin-top-section&#8221;<\/p>\n","protected":false},"author":1,"featured_media":0,"parent":0,"menu_order":0,"comment_status":"closed","ping_status":"closed","template":"","meta":{"footnotes":""},"class_list":["post-6544","page","type-page","status-publish","hentry"],"yoast_head":"<!-- This site is optimized with the Yoast SEO Premium plugin v27.3 (Yoast SEO v27.3) - https:\/\/yoast.com\/product\/yoast-seo-premium-wordpress\/ -->\n<title>Medical training in Vevey: assistants, doctors, trainees<\/title>\n<meta name=\"description\" content=\"Medical training in Vevey: discover our programs for medical assistants, physician assistants and nursing internships.\" \/>\n<meta name=\"robots\" content=\"index, follow, max-snippet:-1, max-image-preview:large, max-video-preview:-1\" \/>\n<link rel=\"canonical\" href=\"https:\/\/cmgv.ch\/formation-medicale-vevey\/\" \/>\n<meta property=\"og:locale\" content=\"en_US\" \/>\n<meta property=\"og:type\" content=\"article\" \/>\n<meta property=\"og:title\" content=\"Training\" \/>\n<meta property=\"og:description\" content=\"Medical training in Vevey: discover our programs for medical assistants, physician assistants and nursing internships.\" \/>\n<meta property=\"og:url\" content=\"https:\/\/cmgv.ch\/formation-medicale-vevey\/\" \/>\n<meta property=\"og:site_name\" content=\"Centre m\u00e9dical Gare de Vevey\" \/>\n<meta property=\"article:publisher\" content=\"https:\/\/www.facebook.com\/centremedicalgaredevevey\/\" \/>\n<meta property=\"article:modified_time\" content=\"2025-02-20T13:37:47+00:00\" \/>\n<meta name=\"twitter:card\" content=\"summary_large_image\" \/>\n<meta name=\"twitter:label1\" content=\"Est. reading time\" \/>\n\t<meta name=\"twitter:data1\" content=\"11 minutes\" \/>\n<script type=\"application\/ld+json\" class=\"yoast-schema-graph\">{\"@context\":\"https:\\\/\\\/schema.org\",\"@graph\":[{\"@type\":\"WebPage\",\"@id\":\"https:\\\/\\\/cmgv.ch\\\/formation-medicale-vevey\\\/\",\"url\":\"https:\\\/\\\/cmgv.ch\\\/formation-medicale-vevey\\\/\",\"name\":\"Medical training in Vevey: assistants, doctors, trainees\",\"isPartOf\":{\"@id\":\"https:\\\/\\\/cmgv.ch\\\/#website\"},\"datePublished\":\"2025-02-06T09:16:52+00:00\",\"dateModified\":\"2025-02-20T13:37:47+00:00\",\"description\":\"Medical training in Vevey: discover our programs for medical assistants, physician assistants and nursing internships.\",\"breadcrumb\":{\"@id\":\"https:\\\/\\\/cmgv.ch\\\/formation-medicale-vevey\\\/#breadcrumb\"},\"inLanguage\":\"en-US\",\"potentialAction\":[{\"@type\":\"ReadAction\",\"target\":[\"https:\\\/\\\/cmgv.ch\\\/formation-medicale-vevey\\\/\"]}]},{\"@type\":\"BreadcrumbList\",\"@id\":\"https:\\\/\\\/cmgv.ch\\\/formation-medicale-vevey\\\/#breadcrumb\",\"itemListElement\":[{\"@type\":\"ListItem\",\"position\":1,\"name\":\"Home\",\"item\":\"https:\\\/\\\/cmgv.ch\\\/en\\\/\"},{\"@type\":\"ListItem\",\"position\":2,\"name\":\"Training\"}]},{\"@type\":\"WebSite\",\"@id\":\"https:\\\/\\\/cmgv.ch\\\/#website\",\"url\":\"https:\\\/\\\/cmgv.ch\\\/\",\"name\":\"Centre m\u00e9dical Gare de Vevey\",\"description\":\"\",\"publisher\":{\"@id\":\"https:\\\/\\\/cmgv.ch\\\/#organization\"},\"potentialAction\":[{\"@type\":\"SearchAction\",\"target\":{\"@type\":\"EntryPoint\",\"urlTemplate\":\"https:\\\/\\\/cmgv.ch\\\/?s={search_term_string}\"},\"query-input\":{\"@type\":\"PropertyValueSpecification\",\"valueRequired\":true,\"valueName\":\"search_term_string\"}}],\"inLanguage\":\"en-US\"},{\"@type\":\"Organization\",\"@id\":\"https:\\\/\\\/cmgv.ch\\\/#organization\",\"name\":\"Centre m\u00e9dical Gare de Vevey\",\"url\":\"https:\\\/\\\/cmgv.ch\\\/\",\"logo\":{\"@type\":\"ImageObject\",\"inLanguage\":\"en-US\",\"@id\":\"https:\\\/\\\/cmgv.ch\\\/#\\\/schema\\\/logo\\\/image\\\/\",\"url\":\"https:\\\/\\\/cmgv.ch\\\/wp-content\\\/uploads\\\/2020\\\/04\\\/logo-small.png\",\"contentUrl\":\"https:\\\/\\\/cmgv.ch\\\/wp-content\\\/uploads\\\/2020\\\/04\\\/logo-small.png\",\"width\":250,\"height\":76,\"caption\":\"Centre m\u00e9dical Gare de Vevey\"},\"image\":{\"@id\":\"https:\\\/\\\/cmgv.ch\\\/#\\\/schema\\\/logo\\\/image\\\/\"},\"sameAs\":[\"https:\\\/\\\/www.facebook.com\\\/centremedicalgaredevevey\\\/\",\"https:\\\/\\\/www.linkedin.com\\\/company\\\/cmgv\\\/\"]}]}<\/script>\n<!-- \/ Yoast SEO Premium plugin. -->","yoast_head_json":{"title":"Medical training in Vevey: assistants, doctors, trainees","description":"Medical training in Vevey: discover our programs for medical assistants, physician assistants and nursing internships.","robots":{"index":"index","follow":"follow","max-snippet":"max-snippet:-1","max-image-preview":"max-image-preview:large","max-video-preview":"max-video-preview:-1"},"canonical":"https:\/\/cmgv.ch\/formation-medicale-vevey\/","og_locale":"en_US","og_type":"article","og_title":"Training","og_description":"Medical training in Vevey: discover our programs for medical assistants, physician assistants and nursing internships.","og_url":"https:\/\/cmgv.ch\/formation-medicale-vevey\/","og_site_name":"Centre m\u00e9dical Gare de Vevey","article_publisher":"https:\/\/www.facebook.com\/centremedicalgaredevevey\/","article_modified_time":"2025-02-20T13:37:47+00:00","twitter_card":"summary_large_image","twitter_misc":{"Est. reading time":"11 minutes"},"schema":{"@context":"https:\/\/schema.org","@graph":[{"@type":"WebPage","@id":"https:\/\/cmgv.ch\/formation-medicale-vevey\/","url":"https:\/\/cmgv.ch\/formation-medicale-vevey\/","name":"Medical training in Vevey: assistants, doctors, trainees","isPartOf":{"@id":"https:\/\/cmgv.ch\/#website"},"datePublished":"2025-02-06T09:16:52+00:00","dateModified":"2025-02-20T13:37:47+00:00","description":"Medical training in Vevey: discover our programs for medical assistants, physician assistants and nursing internships.","breadcrumb":{"@id":"https:\/\/cmgv.ch\/formation-medicale-vevey\/#breadcrumb"},"inLanguage":"en-US","potentialAction":[{"@type":"ReadAction","target":["https:\/\/cmgv.ch\/formation-medicale-vevey\/"]}]},{"@type":"BreadcrumbList","@id":"https:\/\/cmgv.ch\/formation-medicale-vevey\/#breadcrumb","itemListElement":[{"@type":"ListItem","position":1,"name":"Home","item":"https:\/\/cmgv.ch\/en\/"},{"@type":"ListItem","position":2,"name":"Training"}]},{"@type":"WebSite","@id":"https:\/\/cmgv.ch\/#website","url":"https:\/\/cmgv.ch\/","name":"Centre m\u00e9dical Gare de Vevey","description":"","publisher":{"@id":"https:\/\/cmgv.ch\/#organization"},"potentialAction":[{"@type":"SearchAction","target":{"@type":"EntryPoint","urlTemplate":"https:\/\/cmgv.ch\/?s={search_term_string}"},"query-input":{"@type":"PropertyValueSpecification","valueRequired":true,"valueName":"search_term_string"}}],"inLanguage":"en-US"},{"@type":"Organization","@id":"https:\/\/cmgv.ch\/#organization","name":"Centre m\u00e9dical Gare de Vevey","url":"https:\/\/cmgv.ch\/","logo":{"@type":"ImageObject","inLanguage":"en-US","@id":"https:\/\/cmgv.ch\/#\/schema\/logo\/image\/","url":"https:\/\/cmgv.ch\/wp-content\/uploads\/2020\/04\/logo-small.png","contentUrl":"https:\/\/cmgv.ch\/wp-content\/uploads\/2020\/04\/logo-small.png","width":250,"height":76,"caption":"Centre m\u00e9dical Gare de Vevey"},"image":{"@id":"https:\/\/cmgv.ch\/#\/schema\/logo\/image\/"},"sameAs":["https:\/\/www.facebook.com\/centremedicalgaredevevey\/","https:\/\/www.linkedin.com\/company\/cmgv\/"]}]}},"_links":{"self":[{"href":"https:\/\/cmgv.ch\/en\/wp-json\/wp\/v2\/pages\/6544","targetHints":{"allow":["GET"]}}],"collection":[{"href":"https:\/\/cmgv.ch\/en\/wp-json\/wp\/v2\/pages"}],"about":[{"href":"https:\/\/cmgv.ch\/en\/wp-json\/wp\/v2\/types\/page"}],"author":[{"embeddable":true,"href":"https:\/\/cmgv.ch\/en\/wp-json\/wp\/v2\/users\/1"}],"replies":[{"embeddable":true,"href":"https:\/\/cmgv.ch\/en\/wp-json\/wp\/v2\/comments?post=6544"}],"version-history":[{"count":0,"href":"https:\/\/cmgv.ch\/en\/wp-json\/wp\/v2\/pages\/6544\/revisions"}],"wp:attachment":[{"href":"https:\/\/cmgv.ch\/en\/wp-json\/wp\/v2\/media?parent=6544"}],"curies":[{"name":"wp","href":"https:\/\/api.w.org\/{rel}","templated":true}]}}